{"id":9,"date":"2021-02-01T13:09:29","date_gmt":"2021-02-01T16:09:29","guid":{"rendered":"http:\/\/www.ppt.fiocruz.br\/fiopromos\/?page_id=9"},"modified":"2021-02-01T13:09:29","modified_gmt":"2021-02-01T16:09:29","slug":"contato","status":"publish","type":"page","link":"https:\/\/ppt.fiocruz.br\/fiopromos\/contato\/","title":{"rendered":"Fale Conosco"},"content":{"rendered":"\n<p>Para qualquer d\u00favida ou informa\u00e7\u00f5es do portal e seu conte\u00fado entre em contato atrav\u00e9s do formul\u00e1rio abaixo<\/p>\n\n\n\n<div class=\"wp-block-contact-form-7-contact-form-selector\">[contact-form-7 id=&#8221;3b756ba&#8221; title=&#8221;faleconosco&#8221;]<\/div>\n","protected":false},"excerpt":{"rendered":"<p>Para qualquer d\u00favida ou informa\u00e7\u00f5es do portal e seu conte\u00fado entre em contato atrav\u00e9s do formul\u00e1rio abaixo<\/p>\n","protected":false},"author":3,"featured_media":0,"parent":0,"menu_order":0,"comment_status":"closed","ping_status":"closed","template":"","meta":{"footnotes":""},"class_list":["post-9","page","type-page","status-publish","hentry"],"_links":{"self":[{"href":"https:\/\/ppt.fiocruz.br\/fiopromos\/wp-json\/wp\/v2\/pages\/9","targetHints":{"allow":["GET"]}}],"collection":[{"href":"https:\/\/ppt.fiocruz.br\/fiopromos\/wp-json\/wp\/v2\/pages"}],"about":[{"href":"https:\/\/ppt.fiocruz.br\/fiopromos\/wp-json\/wp\/v2\/types\/page"}],"author":[{"embeddable":true,"href":"https:\/\/ppt.fiocruz.br\/fiopromos\/wp-json\/wp\/v2\/users\/3"}],"replies":[{"embeddable":true,"href":"https:\/\/ppt.fiocruz.br\/fiopromos\/wp-json\/wp\/v2\/comments?post=9"}],"version-history":[{"count":0,"href":"https:\/\/ppt.fiocruz.br\/fiopromos\/wp-json\/wp\/v2\/pages\/9\/revisions"}],"wp:attachment":[{"href":"https:\/\/ppt.fiocruz.br\/fiopromos\/wp-json\/wp\/v2\/media?parent=9"}],"curies":[{"name":"wp","href":"https:\/\/api.w.org\/{rel}","templated":true}]}}