{"id":83,"date":"2020-11-11T11:10:30","date_gmt":"2020-11-11T14:10:30","guid":{"rendered":"http:\/\/www.schisto.fiocruz.br\/?page_id=83"},"modified":"2026-04-17T12:13:27","modified_gmt":"2026-04-17T15:13:27","slug":"contato","status":"publish","type":"page","link":"https:\/\/ppt.fiocruz.br\/fioschisto\/contato\/","title":{"rendered":"Fale Conosco"},"content":{"rendered":"\n<p>Para qualquer d\u00favida ou informa\u00e7\u00f5es do portal e seu conte\u00fado entre em contato atrav\u00e9s do formul\u00e1rio abaixo<\/p>\n\n\n\n<div>\r\n    <form method=\"post\">\r\n        <input type=\"hidden\" id=\"contato_pt_nonce\" name=\"contato_pt_nonce\" value=\"fb5b53acfe\" \/><input type=\"hidden\" name=\"_wp_http_referer\" value=\"\/fioschisto\/wp-json\/wp\/v2\/pages\/83\" \/>\r\n        <p>\r\n            <label>Nome *<\/label><br>\r\n            <input class=\"form-control\" type=\"text\" name=\"nome\" required maxlength=\"100\">\r\n        <\/p>\r\n\r\n        <p>\r\n            <label>E-mail *<\/label><br>\r\n            <input class=\"form-control\" type=\"email\" name=\"email\" required>\r\n        <\/p>\r\n\r\n        <p>\r\n            <label>Assunto *<\/label><br>\r\n            <input class=\"form-control\" type=\"text\" name=\"assunto\" required maxlength=\"200\">\r\n        <\/p>\r\n\r\n        <p>\r\n            <label>Mensagem *<\/label><br>\r\n            <textarea class=\"form-control\" name=\"mensagem\" required rows=\"5\" maxlength=\"5000\"><\/textarea>\r\n        <\/p>\r\n\r\n        <p>\r\n            <input class=\"btn btn-primary\" type=\"submit\" name=\"contato_pt_submit\" value=\"Enviar\">\r\n        <\/p>\r\n    <\/form>\r\n\r\n    <\/div>\n\n\n\n<p><\/p>\n","protected":false},"excerpt":{"rendered":"<p>Para qualquer d\u00favida ou informa\u00e7\u00f5es do portal e seu conte\u00fado entre em contato atrav\u00e9s do formul\u00e1rio abaixo<\/p>\n","protected":false},"author":3,"featured_media":0,"parent":0,"menu_order":0,"comment_status":"closed","ping_status":"closed","template":"","meta":{"footnotes":""},"class_list":["post-83","page","type-page","status-publish","hentry"],"_links":{"self":[{"href":"https:\/\/ppt.fiocruz.br\/fioschisto\/wp-json\/wp\/v2\/pages\/83","targetHints":{"allow":["GET"]}}],"collection":[{"href":"https:\/\/ppt.fiocruz.br\/fioschisto\/wp-json\/wp\/v2\/pages"}],"about":[{"href":"https:\/\/ppt.fiocruz.br\/fioschisto\/wp-json\/wp\/v2\/types\/page"}],"author":[{"embeddable":true,"href":"https:\/\/ppt.fiocruz.br\/fioschisto\/wp-json\/wp\/v2\/users\/3"}],"replies":[{"embeddable":true,"href":"https:\/\/ppt.fiocruz.br\/fioschisto\/wp-json\/wp\/v2\/comments?post=83"}],"version-history":[{"count":1,"href":"https:\/\/ppt.fiocruz.br\/fioschisto\/wp-json\/wp\/v2\/pages\/83\/revisions"}],"predecessor-version":[{"id":2536,"href":"https:\/\/ppt.fiocruz.br\/fioschisto\/wp-json\/wp\/v2\/pages\/83\/revisions\/2536"}],"wp:attachment":[{"href":"https:\/\/ppt.fiocruz.br\/fioschisto\/wp-json\/wp\/v2\/media?parent=83"}],"curies":[{"name":"wp","href":"https:\/\/api.w.org\/{rel}","templated":true}]}}